{"id":9818,"date":"2025-03-16T17:13:40","date_gmt":"2025-03-16T17:13:40","guid":{"rendered":"https:\/\/cyprusbosch.com\/?post_type=product&#038;p=9818"},"modified":"2025-06-27T19:42:03","modified_gmt":"2025-06-27T19:42:03","slug":"serie-4-solo-gazli-ocak","status":"publish","type":"product","link":"https:\/\/cyprusbosch.com\/en\/product\/serie-4-solo-gazli-ocak\/","title":{"rendered":"Serie | 4 Solo Gazl\u0131 Ocak"},"content":{"rendered":"<p>Boyutlar: 850-865 x 600 x 600 mm<br \/>\nNet a\u011f\u0131rl\u0131k: 47,6 kg<br \/>\n\u00dcr\u00fcn\u00fcn ana rengi: Paslanmaz \u00e7elik<br \/>\nIs\u0131tma elemanlar\u0131n\u0131n g\u00fcc\u00fc: 1 x 1,0 KW, 1 x 3,0 KW, 2 x 1,75 KW<br \/>\nKullan\u0131c\u0131 arabirimi: D\u00fc\u011fme kontroll\u00fc ekran<br \/>\nArt\u0131k \u0131s\u0131 g\u00f6stergesi: hay\u0131r<br \/>\nIs\u0131tma ve kombinasyon modu say\u0131s\u0131: 2<br \/>\nIs\u0131tma modlar\u0131: Tam geni\u015flikte de\u011fi\u015fken \u0131zgara, Gazl\u0131 alttan \u0131s\u0131tma<br \/>\nEntegre Temizleme sistemi: Hay\u0131r<br \/>\nKap\u0131 mente\u015fesi: Alt<br \/>\nKullan\u0131labilir hacim (bo\u015fluk) \u2013 YEN\u0130 (2010\/30\/EC): 71 lt<br \/>\nEnerji verimlili\u011fi derecesi: A<br \/>\nKapak tipi: Cam<br \/>\nGere\u00e7 \u00e7ekmecesi: Aksesuar \u00e7ekmecesi<br \/>\nBirlikte verilen aksesuarlar: 1 x emaye f\u0131r\u0131n tepsisi, 1 x espresso i\u00e7in \u00e7apraz destek, 1 x \u0131zgara, 1 x \u00fcniversal tava<\/p>","protected":false},"excerpt":{"rendered":"<p>Boyutlar: 850-865 x 600 x 600 mm Net a\u011f\u0131rl\u0131k: 47,6 kg \u00dcr\u00fcn\u00fcn ana rengi: Paslanmaz \u00e7elik Is\u0131tma elemanlar\u0131n\u0131n g\u00fcc\u00fc: 1 x 1,0 KW, 1 x 3,0 KW, 2 x 1,75 KW Kullan\u0131c\u0131 arabirimi: D\u00fc\u011fme kontroll\u00fc ekran Art\u0131k \u0131s\u0131 g\u00f6stergesi: hay\u0131r Is\u0131tma ve kombinasyon modu say\u0131s\u0131: 2 Is\u0131tma modlar\u0131: Tam geni\u015flikte de\u011fi\u015fken \u0131zgara, Gazl\u0131 alttan \u0131s\u0131tma [&hellip;]<\/p>","protected":false},"featured_media":9968,"comment_status":"open","ping_status":"closed","template":"","meta":{"om_disable_all_campaigns":false,"_monsterinsights_skip_tracking":false,"_monsterinsights_sitenote_active":false,"_monsterinsights_sitenote_note":"","_monsterinsights_sitenote_category":0,"_joinchat":[]},"product_brand":[],"product_cat":[194,195],"product_tag":[],"class_list":{"0":"post-9818","1":"product","2":"type-product","3":"status-publish","4":"has-post-thumbnail","6":"product_cat-firinlar","7":"product_cat-solo-firinlar","8":"ts_product_brand-bosch","10":"first","11":"instock","12":"shipping-taxable","13":"product-type-simple","14":"add-to-wishlist-after_add_to_cart"},"aioseo_notices":[],"_links":{"self":[{"href":"https:\/\/cyprusbosch.com\/en\/wp-json\/wp\/v2\/product\/9818","targetHints":{"allow":["GET"]}}],"collection":[{"href":"https:\/\/cyprusbosch.com\/en\/wp-json\/wp\/v2\/product"}],"about":[{"href":"https:\/\/cyprusbosch.com\/en\/wp-json\/wp\/v2\/types\/product"}],"replies":[{"embeddable":true,"href":"https:\/\/cyprusbosch.com\/en\/wp-json\/wp\/v2\/comments?post=9818"}],"wp:featuredmedia":[{"embeddable":true,"href":"https:\/\/cyprusbosch.com\/en\/wp-json\/wp\/v2\/media\/9968"}],"wp:attachment":[{"href":"https:\/\/cyprusbosch.com\/en\/wp-json\/wp\/v2\/media?parent=9818"}],"wp:term":[{"taxonomy":"product_brand","embeddable":true,"href":"https:\/\/cyprusbosch.com\/en\/wp-json\/wp\/v2\/product_brand?post=9818"},{"taxonomy":"product_cat","embeddable":true,"href":"https:\/\/cyprusbosch.com\/en\/wp-json\/wp\/v2\/product_cat?post=9818"},{"taxonomy":"product_tag","embeddable":true,"href":"https:\/\/cyprusbosch.com\/en\/wp-json\/wp\/v2\/product_tag?post=9818"}],"curies":[{"name":"wp","href":"https:\/\/api.w.org\/{rel}","templated":true}]}}