{"id":9831,"date":"2025-03-16T17:17:07","date_gmt":"2025-03-16T17:17:07","guid":{"rendered":"https:\/\/cyprusbosch.com\/?post_type=product&#038;p=9831"},"modified":"2025-03-16T17:23:56","modified_gmt":"2025-03-16T17:23:56","slug":"serie-6-bagimsiz-cift-gazli-ocak-beyaz","status":"publish","type":"product","link":"https:\/\/cyprusbosch.com\/en\/product\/serie-6-bagimsiz-cift-gazli-ocak-beyaz\/","title":{"rendered":"Serie | 6 Ba\u011f\u0131ms\u0131z \u00c7ift Gazli Ocak Beyaz"},"content":{"rendered":"<p>Boyutlar: 850-865 x 600 x 600 mm<br \/>\nNet a\u011f\u0131rl\u0131k: 55,4 kg<br \/>\n\u00dcr\u00fcn\u00fcn ana rengi: Beyaz<br \/>\nOcak tipi: Gazl\u0131 ocak<br \/>\nIs\u0131tma elemanlar\u0131n\u0131n g\u00fcc\u00fc: 1 x 1,0 KW, 1 x 3,5 KW, 2 x 1,75 KW<br \/>\nKullan\u0131c\u0131 aray\u00fcz\u00fc: D\u00fc\u011fme kontrol\u00fc<br \/>\nArt\u0131k \u0131s\u0131 g\u00f6stergesi: hay\u0131r<br \/>\nIs\u0131tma ve kombinasyon modlar\u0131n\u0131n say\u0131s\u0131: 9<br \/>\nIs\u0131tma modlar\u0131: Alt \u0131s\u0131tma, \u00dcst-Alt \u0131s\u0131tma, Buz \u00e7\u00f6zme, Tam geni\u015flikte de\u011fi\u015fken \u0131zgara, S\u0131cak Hava, S\u0131cak hava hassas, S\u0131cak haval\u0131 \u0131zgara, Pizza ayar\u0131, \u00f6n \u0131s\u0131tma<br \/>\nS\u0131cakl\u0131k aral\u0131\u011f\u0131: 50-275 \u00b0C<br \/>\nEntegre Temizleme sistemi: Katalitik k\u0131smi, Hidrolitik<br \/>\nD\u0131\u015far\u0131ya \u00e7ekilebilir sistem: Aksesuar<br \/>\nKap\u0131 mente\u015fesi: Alt<br \/>\nKullan\u0131labilir hacim: 66 lt<br \/>\nEnerji verimlilik derecesi: A<br \/>\nKapak tipi: Cam<br \/>\nGere\u00e7 \u00e7ekmecesi: Aksesuar \u00e7ekmecesi<br \/>\nBirlikte verilen aksesuarlar: 1 x Emaye f\u0131r\u0131n tepsisi, 1 x Espresso i\u00e7in \u00e7apraz destek, 1 x Izgara, 1 x \u00dcniversal tava<\/p>","protected":false},"excerpt":{"rendered":"<p>Boyutlar: 850-865 x 600 x 600 mm Net a\u011f\u0131rl\u0131k: 55,4 kg \u00dcr\u00fcn\u00fcn ana rengi: Beyaz Ocak tipi: Gazl\u0131 ocak Is\u0131tma elemanlar\u0131n\u0131n g\u00fcc\u00fc: 1 x 1,0 KW, 1 x 3,5 KW, 2 x 1,75 KW Kullan\u0131c\u0131 aray\u00fcz\u00fc: D\u00fc\u011fme kontrol\u00fc Art\u0131k \u0131s\u0131 g\u00f6stergesi: hay\u0131r Is\u0131tma ve kombinasyon modlar\u0131n\u0131n say\u0131s\u0131: 9 Is\u0131tma modlar\u0131: Alt \u0131s\u0131tma, \u00dcst-Alt \u0131s\u0131tma, Buz [&hellip;]<\/p>","protected":false},"featured_media":9832,"comment_status":"open","ping_status":"closed","template":"","meta":{"om_disable_all_campaigns":false,"_monsterinsights_skip_tracking":false,"_monsterinsights_sitenote_active":false,"_monsterinsights_sitenote_note":"","_monsterinsights_sitenote_category":0,"_joinchat":[]},"product_brand":[],"product_cat":[194,195],"product_tag":[],"class_list":{"0":"post-9831","1":"product","2":"type-product","3":"status-publish","4":"has-post-thumbnail","6":"product_cat-firinlar","7":"product_cat-solo-firinlar","8":"ts_product_brand-bosch","10":"first","11":"instock","12":"shipping-taxable","13":"product-type-simple","14":"add-to-wishlist-after_add_to_cart"},"aioseo_notices":[],"_links":{"self":[{"href":"https:\/\/cyprusbosch.com\/en\/wp-json\/wp\/v2\/product\/9831","targetHints":{"allow":["GET"]}}],"collection":[{"href":"https:\/\/cyprusbosch.com\/en\/wp-json\/wp\/v2\/product"}],"about":[{"href":"https:\/\/cyprusbosch.com\/en\/wp-json\/wp\/v2\/types\/product"}],"replies":[{"embeddable":true,"href":"https:\/\/cyprusbosch.com\/en\/wp-json\/wp\/v2\/comments?post=9831"}],"wp:featuredmedia":[{"embeddable":true,"href":"https:\/\/cyprusbosch.com\/en\/wp-json\/wp\/v2\/media\/9832"}],"wp:attachment":[{"href":"https:\/\/cyprusbosch.com\/en\/wp-json\/wp\/v2\/media?parent=9831"}],"wp:term":[{"taxonomy":"product_brand","embeddable":true,"href":"https:\/\/cyprusbosch.com\/en\/wp-json\/wp\/v2\/product_brand?post=9831"},{"taxonomy":"product_cat","embeddable":true,"href":"https:\/\/cyprusbosch.com\/en\/wp-json\/wp\/v2\/product_cat?post=9831"},{"taxonomy":"product_tag","embeddable":true,"href":"https:\/\/cyprusbosch.com\/en\/wp-json\/wp\/v2\/product_tag?post=9831"}],"curies":[{"name":"wp","href":"https:\/\/api.w.org\/{rel}","templated":true}]}}