{"id":9840,"date":"2025-03-16T17:26:10","date_gmt":"2025-03-16T17:26:10","guid":{"rendered":"https:\/\/cyprusbosch.com\/?post_type=product&#038;p=9840"},"modified":"2025-03-16T17:26:10","modified_gmt":"2025-03-16T17:26:10","slug":"serie-4-ankastre-firin","status":"publish","type":"product","link":"https:\/\/cyprusbosch.com\/en\/product\/serie-4-ankastre-firin\/","title":{"rendered":"Serie | 4 Ankastre F\u0131r\u0131n"},"content":{"rendered":"<p>F\u0131r\u0131n tipi \/ \u0131s\u0131tma sistemi: 8 \u0131s\u0131tma y\u00f6ntemi ile f\u0131r\u0131n: 3D S\u0131cak hava art\u0131, Geleneksel \u0131s\u0131, S\u0131cak hava \u0131zgaras\u0131, Pizza ayar\u0131, Alt \u0131s\u0131, Buz \u00e7\u00f6zme, Yumu\u015fak Hotair, Tam geni\u015flikte de\u011fi\u015fken \u0131zgara S\u0131cakl\u0131k aral\u0131\u011f\u0131 50 \u00b0 C \u2013 275 \u00b0 C<br \/>\nBo\u015fluk hacmi: 67 lt<br \/>\nBa\u011flant\u0131 raflar\u0131 \/ raylar\u0131 1 seviyeli teleskopik raf.Konfor: LED ekran kontrol\u00fc (k\u0131rm\u0131z\u0131) Elektronik saat Alt, SoftClose ile f\u0131r\u0131n kap\u0131s\u0131, Yumu\u015fak a\u00e7\u0131kl\u0131k<br \/>\nH\u0131zl\u0131 \u0131s\u0131tma<br \/>\n\u0130\u00e7 ayd\u0131nlatma<br \/>\nEntegre so\u011futma fan\u0131<br \/>\n\u00c7ubuk tutaca\u011f\u0131<\/p>","protected":false},"excerpt":{"rendered":"<p>F\u0131r\u0131n tipi \/ \u0131s\u0131tma sistemi: 8 \u0131s\u0131tma y\u00f6ntemi ile f\u0131r\u0131n: 3D S\u0131cak hava art\u0131, Geleneksel \u0131s\u0131, S\u0131cak hava \u0131zgaras\u0131, Pizza ayar\u0131, Alt \u0131s\u0131, Buz \u00e7\u00f6zme, Yumu\u015fak Hotair, Tam geni\u015flikte de\u011fi\u015fken \u0131zgara S\u0131cakl\u0131k aral\u0131\u011f\u0131 50 \u00b0 C \u2013 275 \u00b0 C Bo\u015fluk hacmi: 67 lt Ba\u011flant\u0131 raflar\u0131 \/ raylar\u0131 1 seviyeli teleskopik raf.Konfor: LED ekran kontrol\u00fc [&hellip;]<\/p>","protected":false},"featured_media":9845,"comment_status":"open","ping_status":"closed","template":"","meta":{"om_disable_all_campaigns":false,"_monsterinsights_skip_tracking":false,"_monsterinsights_sitenote_active":false,"_monsterinsights_sitenote_note":"","_monsterinsights_sitenote_category":0,"_joinchat":[]},"product_brand":[],"product_cat":[194],"product_tag":[],"class_list":{"0":"post-9840","1":"product","2":"type-product","3":"status-publish","4":"has-post-thumbnail","6":"product_cat-firinlar","7":"ts_product_brand-bosch","9":"first","10":"instock","11":"shipping-taxable","12":"product-type-simple","13":"add-to-wishlist-after_add_to_cart"},"aioseo_notices":[],"_links":{"self":[{"href":"https:\/\/cyprusbosch.com\/en\/wp-json\/wp\/v2\/product\/9840","targetHints":{"allow":["GET"]}}],"collection":[{"href":"https:\/\/cyprusbosch.com\/en\/wp-json\/wp\/v2\/product"}],"about":[{"href":"https:\/\/cyprusbosch.com\/en\/wp-json\/wp\/v2\/types\/product"}],"replies":[{"embeddable":true,"href":"https:\/\/cyprusbosch.com\/en\/wp-json\/wp\/v2\/comments?post=9840"}],"wp:featuredmedia":[{"embeddable":true,"href":"https:\/\/cyprusbosch.com\/en\/wp-json\/wp\/v2\/media\/9845"}],"wp:attachment":[{"href":"https:\/\/cyprusbosch.com\/en\/wp-json\/wp\/v2\/media?parent=9840"}],"wp:term":[{"taxonomy":"product_brand","embeddable":true,"href":"https:\/\/cyprusbosch.com\/en\/wp-json\/wp\/v2\/product_brand?post=9840"},{"taxonomy":"product_cat","embeddable":true,"href":"https:\/\/cyprusbosch.com\/en\/wp-json\/wp\/v2\/product_cat?post=9840"},{"taxonomy":"product_tag","embeddable":true,"href":"https:\/\/cyprusbosch.com\/en\/wp-json\/wp\/v2\/product_tag?post=9840"}],"curies":[{"name":"wp","href":"https:\/\/api.w.org\/{rel}","templated":true}]}}