{"id":9857,"date":"2025-03-16T17:30:36","date_gmt":"2025-03-16T17:30:36","guid":{"rendered":"https:\/\/cyprusbosch.com\/?post_type=product&#038;p=9857"},"modified":"2025-03-16T17:39:33","modified_gmt":"2025-03-16T17:39:33","slug":"serie-6-ankastre-elektrikli-firin-60-x-60-cm-siyah-paslanmaz-celik","status":"publish","type":"product","link":"https:\/\/cyprusbosch.com\/en\/product\/serie-6-ankastre-elektrikli-firin-60-x-60-cm-siyah-paslanmaz-celik\/","title":{"rendered":"Serie | 6 Ankastre Elektrikli F\u0131r\u0131n 60 x 60 cm Siyah Paslanmaz \u00c7elik"},"content":{"rendered":"<p>Cihaz boyutlar\u0131 (mm): 595 x 594 x 548 mm<br \/>\n\u00dcr\u00fcn Ana Rengi: Siyah Paslanmaz \u00c7elik<br \/>\nEkran konsepti: D\u00fc\u011fme kontroll\u00fc beyaz LCD ekran<br \/>\nIs\u0131tma modu ve kombinasyon say\u0131s\u0131: 7<br \/>\nPi\u015firme y\u00f6ntemi: Vario geni\u015f y\u00fczeyli \u0131zgara, S\u0131cak hava, Konveksiyonlu \u0131zgara, Konveksiyon, Panel etiketleri: Okunabilir metin (\u0130ngilizce), Alttan \u0131s\u0131tma, Pizza: ayarlar<br \/>\nS\u0131cakl\u0131k aral\u0131\u011f\u0131 (\u00b0C): 50-270\u00b0C<br \/>\nBuhar fonksiyonu eklendi: Hay\u0131r<br \/>\nEntegre temizleme sistemi: Hidrolitik<br \/>\nF\u0131r\u0131n \u00e7ekmeceli araba: 2. seviye<br \/>\nKullan\u0131labilir hacim (bo\u015fluklar) \u2013 YEN\u0130 (2010\/30\/EC): 66 l<br \/>\nG\u00fcvenlik cihaz\u0131: \u00c7ocuk kilidi<br \/>\nBirlikte verilen aksesuarlar: 1 x Emaye f\u0131r\u0131n tepsisi, 1 x Kombi raf, 1 x \u00dcniversal tava<\/p>","protected":false},"excerpt":{"rendered":"<p>Cihaz boyutlar\u0131 (mm): 595 x 594 x 548 mm \u00dcr\u00fcn Ana Rengi: Siyah Paslanmaz \u00c7elik Ekran konsepti: D\u00fc\u011fme kontroll\u00fc beyaz LCD ekran Is\u0131tma modu ve kombinasyon say\u0131s\u0131: 7 Pi\u015firme y\u00f6ntemi: Vario geni\u015f y\u00fczeyli \u0131zgara, S\u0131cak hava, Konveksiyonlu \u0131zgara, Konveksiyon, Panel etiketleri: Okunabilir metin (\u0130ngilizce), Alttan \u0131s\u0131tma, Pizza: ayarlar S\u0131cakl\u0131k aral\u0131\u011f\u0131 (\u00b0C): 50-270\u00b0C Buhar fonksiyonu eklendi: [&hellip;]<\/p>","protected":false},"featured_media":9860,"comment_status":"open","ping_status":"closed","template":"","meta":{"om_disable_all_campaigns":false,"_monsterinsights_skip_tracking":false,"_monsterinsights_sitenote_active":false,"_monsterinsights_sitenote_note":"","_monsterinsights_sitenote_category":0,"_joinchat":[]},"product_brand":[],"product_cat":[194],"product_tag":[],"class_list":{"0":"post-9857","1":"product","2":"type-product","3":"status-publish","4":"has-post-thumbnail","6":"product_cat-firinlar","7":"ts_product_brand-bosch","9":"first","10":"instock","11":"shipping-taxable","12":"product-type-simple","13":"add-to-wishlist-after_add_to_cart"},"aioseo_notices":[],"_links":{"self":[{"href":"https:\/\/cyprusbosch.com\/en\/wp-json\/wp\/v2\/product\/9857","targetHints":{"allow":["GET"]}}],"collection":[{"href":"https:\/\/cyprusbosch.com\/en\/wp-json\/wp\/v2\/product"}],"about":[{"href":"https:\/\/cyprusbosch.com\/en\/wp-json\/wp\/v2\/types\/product"}],"replies":[{"embeddable":true,"href":"https:\/\/cyprusbosch.com\/en\/wp-json\/wp\/v2\/comments?post=9857"}],"wp:featuredmedia":[{"embeddable":true,"href":"https:\/\/cyprusbosch.com\/en\/wp-json\/wp\/v2\/media\/9860"}],"wp:attachment":[{"href":"https:\/\/cyprusbosch.com\/en\/wp-json\/wp\/v2\/media?parent=9857"}],"wp:term":[{"taxonomy":"product_brand","embeddable":true,"href":"https:\/\/cyprusbosch.com\/en\/wp-json\/wp\/v2\/product_brand?post=9857"},{"taxonomy":"product_cat","embeddable":true,"href":"https:\/\/cyprusbosch.com\/en\/wp-json\/wp\/v2\/product_cat?post=9857"},{"taxonomy":"product_tag","embeddable":true,"href":"https:\/\/cyprusbosch.com\/en\/wp-json\/wp\/v2\/product_tag?post=9857"}],"curies":[{"name":"wp","href":"https:\/\/api.w.org\/{rel}","templated":true}]}}