{"id":9862,"date":"2025-03-16T17:41:39","date_gmt":"2025-03-16T17:41:39","guid":{"rendered":"https:\/\/cyprusbosch.com\/?post_type=product&#038;p=9862"},"modified":"2025-03-16T17:41:39","modified_gmt":"2025-03-16T17:41:39","slug":"serie-6-otomatik-buhar-fonksiyonlu-beyaz-turbo-ankastre-firin","status":"publish","type":"product","link":"https:\/\/cyprusbosch.com\/en\/product\/serie-6-otomatik-buhar-fonksiyonlu-beyaz-turbo-ankastre-firin\/","title":{"rendered":"Serie | 6 Otomatik Buhar fonksiyonlu Beyaz Turbo Ankastre F\u0131r\u0131n"},"content":{"rendered":"<p>Boyutlar: 595 mm x 594 mm x 548 mm<br \/>\nS\u0131cakl\u0131k aral\u0131\u011f\u0131 50 derece \u2013 270 derece<br \/>\nDahili hacim: 66 litre<br \/>\n\u0130ki seviyeli teleskopik k\u0131lavuzlar<br \/>\nTamamen cam i\u00e7 kap\u0131 y\u00fczeyi<br \/>\nElektronik saat, \u0131s\u0131tma kontrol\u00fc<br \/>\nOtomatik program say\u0131s\u0131: 10 adet<br \/>\nYard\u0131mc\u0131 pi\u015firme sistemi: AutoPilot<br \/>\nH\u0131zl\u0131 \u0131s\u0131nma<br \/>\n\u0130\u00e7 mekan ayd\u0131nlatmas\u0131 (halojen lambalar)<br \/>\nSo\u011futma fan\u0131<br \/>\nKoruyucu kapatma<br \/>\nAna kablo uzunlu\u011fu: 100 cm<br \/>\nNominal gerilim: 221 \u2013 240 V<br \/>\nBa\u011flant\u0131 g\u00fcc\u00fc: 3,3 kW<br \/>\nNormal modda d\u00f6ng\u00fc ba\u015f\u0131na g\u00fc\u00e7 t\u00fcketimi: 0,98 kWh<br \/>\nKonveksiyon modunda d\u00f6ng\u00fc ba\u015f\u0131na g\u00fc\u00e7 t\u00fcketimi: 0,79 kWh<br \/>\nKamera say\u0131s\u0131: 1<br \/>\nIs\u0131tma eleman\u0131: elektrikli<\/p>","protected":false},"excerpt":{"rendered":"<p>Boyutlar: 595 mm x 594 mm x 548 mm S\u0131cakl\u0131k aral\u0131\u011f\u0131 50 derece \u2013 270 derece Dahili hacim: 66 litre \u0130ki seviyeli teleskopik k\u0131lavuzlar Tamamen cam i\u00e7 kap\u0131 y\u00fczeyi Elektronik saat, \u0131s\u0131tma kontrol\u00fc Otomatik program say\u0131s\u0131: 10 adet Yard\u0131mc\u0131 pi\u015firme sistemi: AutoPilot H\u0131zl\u0131 \u0131s\u0131nma \u0130\u00e7 mekan ayd\u0131nlatmas\u0131 (halojen lambalar) So\u011futma fan\u0131 Koruyucu kapatma Ana kablo [&hellip;]<\/p>","protected":false},"featured_media":9868,"comment_status":"open","ping_status":"closed","template":"","meta":{"om_disable_all_campaigns":false,"_monsterinsights_skip_tracking":false,"_monsterinsights_sitenote_active":false,"_monsterinsights_sitenote_note":"","_monsterinsights_sitenote_category":0,"_joinchat":[]},"product_brand":[],"product_cat":[194],"product_tag":[],"class_list":{"0":"post-9862","1":"product","2":"type-product","3":"status-publish","4":"has-post-thumbnail","6":"product_cat-firinlar","7":"ts_product_brand-bosch","9":"first","10":"instock","11":"shipping-taxable","12":"product-type-simple","13":"add-to-wishlist-after_add_to_cart"},"aioseo_notices":[],"_links":{"self":[{"href":"https:\/\/cyprusbosch.com\/en\/wp-json\/wp\/v2\/product\/9862","targetHints":{"allow":["GET"]}}],"collection":[{"href":"https:\/\/cyprusbosch.com\/en\/wp-json\/wp\/v2\/product"}],"about":[{"href":"https:\/\/cyprusbosch.com\/en\/wp-json\/wp\/v2\/types\/product"}],"replies":[{"embeddable":true,"href":"https:\/\/cyprusbosch.com\/en\/wp-json\/wp\/v2\/comments?post=9862"}],"wp:featuredmedia":[{"embeddable":true,"href":"https:\/\/cyprusbosch.com\/en\/wp-json\/wp\/v2\/media\/9868"}],"wp:attachment":[{"href":"https:\/\/cyprusbosch.com\/en\/wp-json\/wp\/v2\/media?parent=9862"}],"wp:term":[{"taxonomy":"product_brand","embeddable":true,"href":"https:\/\/cyprusbosch.com\/en\/wp-json\/wp\/v2\/product_brand?post=9862"},{"taxonomy":"product_cat","embeddable":true,"href":"https:\/\/cyprusbosch.com\/en\/wp-json\/wp\/v2\/product_cat?post=9862"},{"taxonomy":"product_tag","embeddable":true,"href":"https:\/\/cyprusbosch.com\/en\/wp-json\/wp\/v2\/product_tag?post=9862"}],"curies":[{"name":"wp","href":"https:\/\/api.w.org\/{rel}","templated":true}]}}