{"id":9875,"date":"2025-03-16T17:44:42","date_gmt":"2025-03-16T17:44:42","guid":{"rendered":"https:\/\/cyprusbosch.com\/?post_type=product&#038;p=9875"},"modified":"2025-03-16T17:44:42","modified_gmt":"2025-03-16T17:44:42","slug":"serie-6-buhar-eklentili-ankastre-firin-60-x-60-cm-paslanmaz-celik","status":"publish","type":"product","link":"https:\/\/cyprusbosch.com\/en\/product\/serie-6-buhar-eklentili-ankastre-firin-60-x-60-cm-paslanmaz-celik\/","title":{"rendered":"Serie | 6 Buhar Eklentili Ankastre F\u0131r\u0131n 60 x 60 cm Paslanmaz \u00e7elik"},"content":{"rendered":"<p>Y\u00fckseklik: 595 mm<br \/>\nGeni\u015flik: 594 mm<br \/>\nDerinlik: 548 mm<br \/>\n8 \u0131s\u0131tma moduna sahip dahili elektrikli f\u0131r\u0131n: 3D s\u0131cak hava, \u00dcst \/ alt \u0131s\u0131, Konveksiyon \u0131zgara, Pizza modu, D\u00fc\u015f\u00fck \u0131s\u0131, S\u0131cak yumu\u015fak hava, Vario \u0131zgara geni\u015f alan \u0131s\u0131tma, 3D s\u0131cak hava art\u0131<br \/>\nS\u0131cakl\u0131k aral\u0131\u011f\u0131 50 C\u00b0 \u2013 270 C\u00b0<br \/>\nF\u0131r\u0131n i\u00e7 hacmi: 66 Lt<br \/>\nAquaclean Temizleme Sistemi<br \/>\nTamamen cam kap\u0131 i\u00e7<\/p>","protected":false},"excerpt":{"rendered":"<p>Y\u00fckseklik: 595 mm Geni\u015flik: 594 mm Derinlik: 548 mm 8 \u0131s\u0131tma moduna sahip dahili elektrikli f\u0131r\u0131n: 3D s\u0131cak hava, \u00dcst \/ alt \u0131s\u0131, Konveksiyon \u0131zgara, Pizza modu, D\u00fc\u015f\u00fck \u0131s\u0131, S\u0131cak yumu\u015fak hava, Vario \u0131zgara geni\u015f alan \u0131s\u0131tma, 3D s\u0131cak hava art\u0131 S\u0131cakl\u0131k aral\u0131\u011f\u0131 50 C\u00b0 \u2013 270 C\u00b0 F\u0131r\u0131n i\u00e7 hacmi: 66 Lt Aquaclean Temizleme [&hellip;]<\/p>","protected":false},"featured_media":9878,"comment_status":"open","ping_status":"closed","template":"","meta":{"om_disable_all_campaigns":false,"_monsterinsights_skip_tracking":false,"_monsterinsights_sitenote_active":false,"_monsterinsights_sitenote_note":"","_monsterinsights_sitenote_category":0,"_joinchat":[]},"product_brand":[],"product_cat":[194],"product_tag":[],"class_list":{"0":"post-9875","1":"product","2":"type-product","3":"status-publish","4":"has-post-thumbnail","6":"product_cat-firinlar","7":"ts_product_brand-bosch","9":"first","10":"instock","11":"shipping-taxable","12":"product-type-simple","13":"add-to-wishlist-after_add_to_cart"},"aioseo_notices":[],"_links":{"self":[{"href":"https:\/\/cyprusbosch.com\/en\/wp-json\/wp\/v2\/product\/9875","targetHints":{"allow":["GET"]}}],"collection":[{"href":"https:\/\/cyprusbosch.com\/en\/wp-json\/wp\/v2\/product"}],"about":[{"href":"https:\/\/cyprusbosch.com\/en\/wp-json\/wp\/v2\/types\/product"}],"replies":[{"embeddable":true,"href":"https:\/\/cyprusbosch.com\/en\/wp-json\/wp\/v2\/comments?post=9875"}],"wp:featuredmedia":[{"embeddable":true,"href":"https:\/\/cyprusbosch.com\/en\/wp-json\/wp\/v2\/media\/9878"}],"wp:attachment":[{"href":"https:\/\/cyprusbosch.com\/en\/wp-json\/wp\/v2\/media?parent=9875"}],"wp:term":[{"taxonomy":"product_brand","embeddable":true,"href":"https:\/\/cyprusbosch.com\/en\/wp-json\/wp\/v2\/product_brand?post=9875"},{"taxonomy":"product_cat","embeddable":true,"href":"https:\/\/cyprusbosch.com\/en\/wp-json\/wp\/v2\/product_cat?post=9875"},{"taxonomy":"product_tag","embeddable":true,"href":"https:\/\/cyprusbosch.com\/en\/wp-json\/wp\/v2\/product_tag?post=9875"}],"curies":[{"name":"wp","href":"https:\/\/api.w.org\/{rel}","templated":true}]}}