{"id":9924,"date":"2025-03-16T18:04:41","date_gmt":"2025-03-16T18:04:41","guid":{"rendered":"https:\/\/cyprusbosch.com\/?post_type=product&#038;p=9924"},"modified":"2025-08-06T18:29:32","modified_gmt":"2025-08-06T18:29:32","slug":"serie-8-ankastre-tam-otomatik-kahve-makinesi-siyah","status":"publish","type":"product","link":"https:\/\/cyprusbosch.com\/en\/product\/serie-8-ankastre-tam-otomatik-kahve-makinesi-siyah\/","title":{"rendered":"Serie | 8 Ankastre Tam Otomatik Kahve Makinesi Siyah"},"content":{"rendered":"<div class=\"description woocommerce-product-details__short-description\">\n<p>\u0130\u00e7 \u00dcnite \u00d6l\u00e7\u00fcler (Y\u00fckseklik x Geni\u015flik x Derinlik): 455 x 594 x 385 mm<br \/>\nS\u00fct sistemi: Hortumlu entegre s\u00fct sistemi<br \/>\nRenk: Siyah<br \/>\nPompa bas\u0131nc\u0131: 19,0 bar<br \/>\n\u0130kinci renk: Siyah<br \/>\n\u0130\u00e7ecek \u00e7e\u015fidi miktar\u0131: 32<br \/>\n\u0130\u00e7ecek \u00e7e\u015fitleri: Cappuccino, Kahve, Espresso, S\u0131cak s\u00fct, Latte Macchiato, \u00c7ay<br \/>\nHome Connect Uygulamas\u0131ndaki Programlar: Black eye, Caf\u00e9 cortado, Caffe Grande, Cortado, Dead eye, Doppio, Gal\u00e3o, Garoto, Gro\u00dfer Brauner, Kleiner Brauner, Red eye, Verl\u00e4ngerter braun<br \/>\nBireysel olarak ayarlanabilir parametreler: aromaSelect, s\u00fct oran\u0131, boyut, sertlik<br \/>\nBrita Intentza su filtresi uyumlu: iste\u011fe ba\u011fl\u0131<br \/>\n\u00d6\u011f\u00fctme derecesi ayar\u0131: 1-6 kademe<br \/>\n\u00d6\u011f\u00fct\u00fclm\u00fc\u015f kahve i\u00e7in huni mevcut: hay\u0131r<br \/>\nSu al\u0131m\u0131: \u00c7\u0131kar\u0131labilir su deposu<\/p>\n<\/div>\n<div class=\"wpb_custom_62a00e12846b079eb829d6ad33598f3e\">\n<div class=\"product-summary-wrap\"><\/div>\n<\/div>\n<div class=\"product-share\">\n<div class=\"share-links\"><a class=\"share-facebook\" title=\"\" href=\"https:\/\/www.facebook.com\/sharer.php?u=https:\/\/kibrisbosch.com\/kucuk-ev-aleti\/kahve-makinesi\/serie-8-ankastre-tam-otomatik-kahve-makinesi-siyah\/\" target=\"_blank\" rel=\"noopener noreferrer nofollow\" data-bs-tooltip=\"\" data-bs-placement=\"bottom\" data-bs-original-title=\"Facebook\">Facebook<\/a>\u00a0<a class=\"share-twitter\" title=\"\" href=\"https:\/\/twitter.com\/intent\/tweet?text=Serie+%7C+8+Ankastre+Tam+Otomatik+Kahve+Makinesi+Siyah&amp;url=https:\/\/kibrisbosch.com\/kucuk-ev-aleti\/kahve-makinesi\/serie-8-ankastre-tam-otomatik-kahve-makinesi-siyah\/\" target=\"_blank\" rel=\"noopener noreferrer nofollow\" data-bs-tooltip=\"\" data-bs-placement=\"bottom\" data-bs-original-title=\"X\">Twitter<\/a>\u00a0<a class=\"share-linkedin\" title=\"\" href=\"https:\/\/www.linkedin.com\/shareArticle?mini=true&amp;url=https:\/\/kibrisbosch.com\/kucuk-ev-aleti\/kahve-makinesi\/serie-8-ankastre-tam-otomatik-kahve-makinesi-siyah\/&amp;title=Serie+%7C+8+Ankastre+Tam+Otomatik+Kahve+Makinesi+Siyah\" target=\"_blank\" rel=\"noopener noreferrer nofollow\" data-bs-tooltip=\"\" data-bs-placement=\"bottom\" data-bs-original-title=\"LinkedIn\">LinkedIn<\/a>\u00a0<a class=\"share-googleplus\" title=\"\" href=\"https:\/\/plus.google.com\/share?url=https:\/\/kibrisbosch.com\/kucuk-ev-aleti\/kahve-makinesi\/serie-8-ankastre-tam-otomatik-kahve-makinesi-siyah\/\" target=\"_blank\" rel=\"noopener noreferrer nofollow\" data-bs-tooltip=\"\" data-bs-placement=\"bottom\" data-bs-original-title=\"Google +\">Google +<\/a>\u00a0<a class=\"share-email\" title=\"\" href=\"mailto:?subject=Serie+%7C+8+Ankastre+Tam+Otomatik+Kahve+Makinesi+Siyah&amp;body=https:\/\/kibrisbosch.com\/kucuk-ev-aleti\/kahve-makinesi\/serie-8-ankastre-tam-otomatik-kahve-makinesi-siyah\/\" target=\"_blank\" rel=\"noopener noreferrer nofollow\" data-bs-tooltip=\"\" data-bs-placement=\"bottom\" data-bs-original-title=\"Email\">Email<\/a><\/div>\n<\/div>","protected":false},"excerpt":{"rendered":"<p>\u0130\u00e7 \u00dcnite \u00d6l\u00e7\u00fcler (Y\u00fckseklik x Geni\u015flik x Derinlik): 455 x 594 x 385 mm S\u00fct sistemi: Hortumlu entegre s\u00fct sistemi Renk: Siyah Pompa bas\u0131nc\u0131: 19,0 bar \u0130kinci renk: Siyah \u0130\u00e7ecek \u00e7e\u015fidi miktar\u0131: 32 \u0130\u00e7ecek \u00e7e\u015fitleri: Cappuccino, Kahve, Espresso, S\u0131cak s\u00fct, Latte Macchiato, \u00c7ay Home Connect Uygulamas\u0131ndaki Programlar: Black eye, Caf\u00e9 cortado, Caffe Grande, Cortado, Dead [&hellip;]<\/p>","protected":false},"featured_media":10041,"comment_status":"open","ping_status":"closed","template":"","meta":{"om_disable_all_campaigns":false,"_monsterinsights_skip_tracking":false,"_monsterinsights_sitenote_active":false,"_monsterinsights_sitenote_note":"","_monsterinsights_sitenote_category":0,"_joinchat":[]},"product_brand":[],"product_cat":[196,194,203],"product_tag":[],"class_list":{"0":"post-9924","1":"product","2":"type-product","3":"status-publish","4":"has-post-thumbnail","6":"product_cat-ankastre-firinlar","7":"product_cat-firinlar","8":"product_cat-kucuk-ev-aletleri","9":"ts_product_brand-bosch","11":"first","12":"instock","13":"shipping-taxable","14":"product-type-simple","15":"add-to-wishlist-after_add_to_cart"},"aioseo_notices":[],"_links":{"self":[{"href":"https:\/\/cyprusbosch.com\/en\/wp-json\/wp\/v2\/product\/9924","targetHints":{"allow":["GET"]}}],"collection":[{"href":"https:\/\/cyprusbosch.com\/en\/wp-json\/wp\/v2\/product"}],"about":[{"href":"https:\/\/cyprusbosch.com\/en\/wp-json\/wp\/v2\/types\/product"}],"replies":[{"embeddable":true,"href":"https:\/\/cyprusbosch.com\/en\/wp-json\/wp\/v2\/comments?post=9924"}],"wp:featuredmedia":[{"embeddable":true,"href":"https:\/\/cyprusbosch.com\/en\/wp-json\/wp\/v2\/media\/10041"}],"wp:attachment":[{"href":"https:\/\/cyprusbosch.com\/en\/wp-json\/wp\/v2\/media?parent=9924"}],"wp:term":[{"taxonomy":"product_brand","embeddable":true,"href":"https:\/\/cyprusbosch.com\/en\/wp-json\/wp\/v2\/product_brand?post=9924"},{"taxonomy":"product_cat","embeddable":true,"href":"https:\/\/cyprusbosch.com\/en\/wp-json\/wp\/v2\/product_cat?post=9924"},{"taxonomy":"product_tag","embeddable":true,"href":"https:\/\/cyprusbosch.com\/en\/wp-json\/wp\/v2\/product_tag?post=9924"}],"curies":[{"name":"wp","href":"https:\/\/api.w.org\/{rel}","templated":true}]}}