{"id":9932,"date":"2025-03-16T18:07:00","date_gmt":"2025-03-16T18:07:00","guid":{"rendered":"https:\/\/cyprusbosch.com\/?post_type=product&#038;p=9932"},"modified":"2025-03-16T18:07:00","modified_gmt":"2025-03-16T18:07:00","slug":"serie-8-sicak-tutma-cekmecesi-60-x-14-cm-siyah","status":"publish","type":"product","link":"https:\/\/cyprusbosch.com\/en\/product\/serie-8-sicak-tutma-cekmecesi-60-x-14-cm-siyah\/","title":{"rendered":"Serie 8 | S\u0131cak Tutma \u00c7ekmecesi 60 x 14 cm Siyah"},"content":{"rendered":"<p>Siyah s\u0131cak tutma \u00e7ekmecesi<\/p>","protected":false},"excerpt":{"rendered":"<p>Siyah s\u0131cak tutma \u00e7ekmecesi<\/p>","protected":false},"featured_media":9937,"comment_status":"open","ping_status":"closed","template":"","meta":{"om_disable_all_campaigns":false,"_monsterinsights_skip_tracking":false,"_monsterinsights_sitenote_active":false,"_monsterinsights_sitenote_note":"","_monsterinsights_sitenote_category":0,"_joinchat":[]},"product_brand":[],"product_cat":[196,194,203],"product_tag":[],"class_list":{"0":"post-9932","1":"product","2":"type-product","3":"status-publish","4":"has-post-thumbnail","6":"product_cat-ankastre-firinlar","7":"product_cat-firinlar","8":"product_cat-kucuk-ev-aletleri","9":"ts_product_brand-bosch","11":"first","12":"instock","13":"shipping-taxable","14":"product-type-simple","15":"add-to-wishlist-after_add_to_cart"},"aioseo_notices":[],"_links":{"self":[{"href":"https:\/\/cyprusbosch.com\/en\/wp-json\/wp\/v2\/product\/9932","targetHints":{"allow":["GET"]}}],"collection":[{"href":"https:\/\/cyprusbosch.com\/en\/wp-json\/wp\/v2\/product"}],"about":[{"href":"https:\/\/cyprusbosch.com\/en\/wp-json\/wp\/v2\/types\/product"}],"replies":[{"embeddable":true,"href":"https:\/\/cyprusbosch.com\/en\/wp-json\/wp\/v2\/comments?post=9932"}],"wp:featuredmedia":[{"embeddable":true,"href":"https:\/\/cyprusbosch.com\/en\/wp-json\/wp\/v2\/media\/9937"}],"wp:attachment":[{"href":"https:\/\/cyprusbosch.com\/en\/wp-json\/wp\/v2\/media?parent=9932"}],"wp:term":[{"taxonomy":"product_brand","embeddable":true,"href":"https:\/\/cyprusbosch.com\/en\/wp-json\/wp\/v2\/product_brand?post=9932"},{"taxonomy":"product_cat","embeddable":true,"href":"https:\/\/cyprusbosch.com\/en\/wp-json\/wp\/v2\/product_cat?post=9932"},{"taxonomy":"product_tag","embeddable":true,"href":"https:\/\/cyprusbosch.com\/en\/wp-json\/wp\/v2\/product_tag?post=9932"}],"curies":[{"name":"wp","href":"https:\/\/api.w.org\/{rel}","templated":true}]}}