{"id":9949,"date":"2025-03-16T18:13:21","date_gmt":"2025-03-16T18:13:21","guid":{"rendered":"https:\/\/cyprusbosch.com\/?post_type=product&#038;p=9949"},"modified":"2025-08-06T20:00:23","modified_gmt":"2025-08-06T20:00:23","slug":"serie-2-teleskopik-aspirator-60-cm-gumus-metalik","status":"publish","type":"product","link":"https:\/\/cyprusbosch.com\/en\/product\/serie-2-teleskopik-aspirator-60-cm-gumus-metalik\/","title":{"rendered":"Serie | 2 Teleskopik Aspirat\u00f6r 60 cm G\u00fcm\u00fc\u015f Metalik"},"content":{"rendered":"<p>Kanall\u0131 veya yeniden sirk\u00fclasyonlu ekstraksiyon i\u00e7in uygundur 3 h\u0131z<br \/>\nTek motor EN 61591\u2019e g\u00f6re emi\u015f h\u0131z\u0131 egzoz havas\u0131 maks. 300 m\u00b3 \/ s<br \/>\nCaml\u0131 \u00e7ekilebilir buhar<br \/>\nAt\u0131k hava boyutlar\u0131 (YxGxD): 175 x 600 x 280 mm<br \/>\nDevridaim yapan boyutlar (YxGxD): 175 x 600 x 280 mm<br \/>\nMetal ya\u011f filtresi, bula\u015f\u0131k makinesinde y\u0131kanabilir<br \/>\nI\u015f\u0131k Yo\u011funlu\u011fu: 100 lux<br \/>\nRenk S\u0131cakl\u0131\u011f\u0131: 3000 K<br \/>\nEN 60704-3 ve EN 60704-2-13 uyar\u0131nca maks. normal kullan\u0131m egzoz havas\u0131: 62 dB (A) re 1 pW (48 dB (A) re 20 \u00b5Pa ses bas\u0131nc\u0131)<br \/>\n\u00c7ap borusu \u00d8 150 mm (\u00d8 150 mm kapal\u0131)<br \/>\nG\u00fc\u00e7 seviyesi: 181 W<br \/>\nEnerji Verimlili\u011fi S\u0131n\u0131f\u0131: E<br \/>\nOrtalama Enerji T\u00fcketimi: 116,4 kWh \/ y\u0131l<br \/>\n\u00dcfleyici Verimlilik S\u0131n\u0131f\u0131: F<br \/>\nAyd\u0131nlatma Verimlili\u011fi S\u0131n\u0131f\u0131: D<br \/>\nGres Filtreleme Verimlili\u011fi S\u0131n\u0131f\u0131: C<br \/>\nG\u00fcr\u00fclt\u00fc min.\/maks. Normal Seviye: 50\/62 dB 2 X 4 W<br \/>\nLED Ayd\u0131nlatma<\/p>","protected":false},"excerpt":{"rendered":"<p>Kanall\u0131 veya yeniden sirk\u00fclasyonlu ekstraksiyon i\u00e7in uygundur 3 h\u0131z Tek motor EN 61591\u2019e g\u00f6re emi\u015f h\u0131z\u0131 egzoz havas\u0131 maks. 300 m\u00b3 \/ s Caml\u0131 \u00e7ekilebilir buhar At\u0131k hava boyutlar\u0131 (YxGxD): 175 x 600 x 280 mm Devridaim yapan boyutlar (YxGxD): 175 x 600 x 280 mm Metal ya\u011f filtresi, bula\u015f\u0131k makinesinde y\u0131kanabilir I\u015f\u0131k Yo\u011funlu\u011fu: 100 [&hellip;]<\/p>","protected":false},"featured_media":10093,"comment_status":"open","ping_status":"closed","template":"","meta":{"om_disable_all_campaigns":false,"_monsterinsights_skip_tracking":false,"_monsterinsights_sitenote_active":false,"_monsterinsights_sitenote_note":"","_monsterinsights_sitenote_category":0,"_joinchat":[]},"product_brand":[],"product_cat":[206],"product_tag":[],"class_list":{"0":"post-9949","1":"product","2":"type-product","3":"status-publish","4":"has-post-thumbnail","6":"product_cat-aspiratorler","7":"ts_product_brand-bosch","9":"first","10":"instock","11":"shipping-taxable","12":"product-type-simple","13":"add-to-wishlist-after_add_to_cart"},"aioseo_notices":[],"_links":{"self":[{"href":"https:\/\/cyprusbosch.com\/en\/wp-json\/wp\/v2\/product\/9949","targetHints":{"allow":["GET"]}}],"collection":[{"href":"https:\/\/cyprusbosch.com\/en\/wp-json\/wp\/v2\/product"}],"about":[{"href":"https:\/\/cyprusbosch.com\/en\/wp-json\/wp\/v2\/types\/product"}],"replies":[{"embeddable":true,"href":"https:\/\/cyprusbosch.com\/en\/wp-json\/wp\/v2\/comments?post=9949"}],"wp:featuredmedia":[{"embeddable":true,"href":"https:\/\/cyprusbosch.com\/en\/wp-json\/wp\/v2\/media\/10093"}],"wp:attachment":[{"href":"https:\/\/cyprusbosch.com\/en\/wp-json\/wp\/v2\/media?parent=9949"}],"wp:term":[{"taxonomy":"product_brand","embeddable":true,"href":"https:\/\/cyprusbosch.com\/en\/wp-json\/wp\/v2\/product_brand?post=9949"},{"taxonomy":"product_cat","embeddable":true,"href":"https:\/\/cyprusbosch.com\/en\/wp-json\/wp\/v2\/product_cat?post=9949"},{"taxonomy":"product_tag","embeddable":true,"href":"https:\/\/cyprusbosch.com\/en\/wp-json\/wp\/v2\/product_tag?post=9949"}],"curies":[{"name":"wp","href":"https:\/\/api.w.org\/{rel}","templated":true}]}}