{"id":9952,"date":"2025-03-16T18:15:41","date_gmt":"2025-03-16T18:15:41","guid":{"rendered":"https:\/\/cyprusbosch.com\/?post_type=product&#038;p=9952"},"modified":"2026-02-11T19:04:16","modified_gmt":"2026-02-11T19:04:16","slug":"serie-2-gomme-aspirator-53-cm-antrasit","status":"publish","type":"product","link":"https:\/\/cyprusbosch.com\/en\/product\/serie-2-gomme-aspirator-53-cm-antrasit\/","title":{"rendered":"Serie | 2 G\u00f6mme Aspirat\u00f6r 53 cm Antrasit"},"content":{"rendered":"<p>\u00dcr\u00fcn Tipi: Ankastre<br \/>\n\u00dcr\u00fcn Geni\u015fli\u011fi: 534 mm<br \/>\n\u00dcr\u00fcn Derinli\u011fi: 300 mm<br \/>\nG\u00fc\u00e7: 121 W<br \/>\nRenk: Antrasit<br \/>\nEmi\u015f G\u00fcc\u00fc: 302 m\u00b3\/h<br \/>\nKademe Seviyesi: 3 kademe<\/p>","protected":false},"excerpt":{"rendered":"<p>\u00dcr\u00fcn Tipi: Ankastre \u00dcr\u00fcn Geni\u015fli\u011fi: 534 mm \u00dcr\u00fcn Derinli\u011fi: 300 mm G\u00fc\u00e7: 121 W Renk: Antrasit Emi\u015f G\u00fcc\u00fc: 302 m\u00b3\/h Kademe Seviyesi: 3 kademe<\/p>","protected":false},"featured_media":9956,"comment_status":"open","ping_status":"closed","template":"","meta":{"om_disable_all_campaigns":false,"_monsterinsights_skip_tracking":false,"_monsterinsights_sitenote_active":false,"_monsterinsights_sitenote_note":"","_monsterinsights_sitenote_category":0,"_joinchat":[]},"product_brand":[],"product_cat":[206],"product_tag":[],"class_list":{"0":"post-9952","1":"product","2":"type-product","3":"status-publish","4":"has-post-thumbnail","6":"product_cat-aspiratorler","7":"ts_product_brand-bosch","9":"first","10":"instock","11":"shipping-taxable","12":"product-type-simple","13":"add-to-wishlist-after_add_to_cart"},"aioseo_notices":[],"_links":{"self":[{"href":"https:\/\/cyprusbosch.com\/en\/wp-json\/wp\/v2\/product\/9952","targetHints":{"allow":["GET"]}}],"collection":[{"href":"https:\/\/cyprusbosch.com\/en\/wp-json\/wp\/v2\/product"}],"about":[{"href":"https:\/\/cyprusbosch.com\/en\/wp-json\/wp\/v2\/types\/product"}],"replies":[{"embeddable":true,"href":"https:\/\/cyprusbosch.com\/en\/wp-json\/wp\/v2\/comments?post=9952"}],"wp:featuredmedia":[{"embeddable":true,"href":"https:\/\/cyprusbosch.com\/en\/wp-json\/wp\/v2\/media\/9956"}],"wp:attachment":[{"href":"https:\/\/cyprusbosch.com\/en\/wp-json\/wp\/v2\/media?parent=9952"}],"wp:term":[{"taxonomy":"product_brand","embeddable":true,"href":"https:\/\/cyprusbosch.com\/en\/wp-json\/wp\/v2\/product_brand?post=9952"},{"taxonomy":"product_cat","embeddable":true,"href":"https:\/\/cyprusbosch.com\/en\/wp-json\/wp\/v2\/product_cat?post=9952"},{"taxonomy":"product_tag","embeddable":true,"href":"https:\/\/cyprusbosch.com\/en\/wp-json\/wp\/v2\/product_tag?post=9952"}],"curies":[{"name":"wp","href":"https:\/\/api.w.org\/{rel}","templated":true}]}}